{"id":8155,"date":"2020-05-11T18:16:17","date_gmt":"2020-05-11T16:16:17","guid":{"rendered":"https:\/\/museo.ilcastellodibardi.it\/it\/?page_id=8155"},"modified":"2025-09-26T10:00:08","modified_gmt":"2025-09-26T08:00:08","slug":"presentazione","status":"publish","type":"page","link":"https:\/\/museo.ilcastellodibardi.it\/it\/presentazione\/","title":{"rendered":"Presentazione"},"content":{"rendered":"\n<h2 style=\"color:  var(--color-primary);font-size: 36px;line-height: 38px;font-weight: 600;padding: 0 0 20px 0;margin: 10px 0 0 0\">Il Museo Digitale Diffuso\u00ae Castello di Bardi e Val Ceno<\/h2>\n\n\n\n<p>Il <em>Museo Digitale Diffuso\u00ae Castello di Bardi e Val Ceno<\/em> \u00e8 un progetto innovativo volto a connettere l&#8217;intero territorio della Val Ceno attraverso un hub digitale composto da Sito Web, App Mobile e Web App. L\u2019obiettivo \u00e8 quello di valorizzare il patrimonio materiale e immateriale della valle, rendendo accessibili informazioni turistiche e culturali. Grazie all&#8217;uso di realt\u00e0 immersiva e materiali multimediali, i visitatori potranno vivere esperienze sensoriali coinvolgenti, sia a distanza che direttamente sul luogo. L&#8217;App offrir\u00e0 itinerari tematici, supporto alle attivit\u00e0 locali e promozione del turismo rurale, con un forte impegno per la sostenibilit\u00e0 ambientale. In collaborazione con <a href=\"https:\/\/geno.eco\/\">geno.eco<\/a>, infatti, il progetto compenser\u00e0 la CO\u2082 generata, supportando uno sviluppo responsabile e inclusivo del territorio. Inoltre, verr\u00e0 sviluppato di un sistema di gamification con il quale ogni utente potr\u00e0 collezionare luoghi e punti d&#8217;interesse completando il proprio \u201cPassaporto Digitale\u201d direttamente sull&#8217;App.<\/p>\n\n\n","protected":false},"excerpt":{"rendered":"<p>Il Museo Digitale Diffuso\u00ae Castello di Bardi e Val Ceno Il Museo Digitale Diffuso\u00ae Castello di Bardi e Val Ceno<\/p>\n","protected":false},"author":2,"featured_media":0,"parent":0,"menu_order":0,"comment_status":"closed","ping_status":"closed","template":"","meta":[],"_links":{"self":[{"href":"https:\/\/museo.ilcastellodibardi.it\/it\/wp-json\/wp\/v2\/pages\/8155"}],"collection":[{"href":"https:\/\/museo.ilcastellodibardi.it\/it\/wp-json\/wp\/v2\/pages"}],"about":[{"href":"https:\/\/museo.ilcastellodibardi.it\/it\/wp-json\/wp\/v2\/types\/page"}],"author":[{"embeddable":true,"href":"https:\/\/museo.ilcastellodibardi.it\/it\/wp-json\/wp\/v2\/users\/2"}],"replies":[{"embeddable":true,"href":"https:\/\/museo.ilcastellodibardi.it\/it\/wp-json\/wp\/v2\/comments?post=8155"}],"version-history":[{"count":40,"href":"https:\/\/museo.ilcastellodibardi.it\/it\/wp-json\/wp\/v2\/pages\/8155\/revisions"}],"predecessor-version":[{"id":15326,"href":"https:\/\/museo.ilcastellodibardi.it\/it\/wp-json\/wp\/v2\/pages\/8155\/revisions\/15326"}],"wp:attachment":[{"href":"https:\/\/museo.ilcastellodibardi.it\/it\/wp-json\/wp\/v2\/media?parent=8155"}],"curies":[{"name":"wp","href":"https:\/\/api.w.org\/{rel}","templated":true}]}}