{"id":8149,"date":"2020-05-11T18:11:53","date_gmt":"2020-05-11T16:11:53","guid":{"rendered":"https:\/\/museo.ilcastellodibardi.it\/it\/?page_id=8149"},"modified":"2025-03-14T21:35:43","modified_gmt":"2025-03-14T20:35:43","slug":"governance","status":"publish","type":"page","link":"https:\/\/museo.ilcastellodibardi.it\/it\/governance\/","title":{"rendered":"Governance"},"content":{"rendered":"\n<h2 style=\"color: var(--color-primary);font-size: 36px;line-height: 38px;font-weight: 600;padding: 0 0 20px 0;margin: 10px 0 0 0\">Governance<\/h2>\n\n\n\n<p><strong>Museo Digitale Diffuso\u00ae Castello di Bardi e Val Ceno<\/strong><\/p>\n\n\n\n<p>Promosso da <em><strong>Diaspro Rosso Cooperativa sociale Onlus<\/strong><\/em><\/p>\n\n\n\n<p>Realizzato in collaborazione con <em><strong>Centro Studi della Valle del Ceno<\/strong><\/em><\/p>\n\n\n\n<p><em><strong>LEN Service Onlus<\/strong><\/em> \u00e8 la societ\u00e0 del Gruppo LEN (<a href=\"https:\/\/www.gruppolen.it\/\">www.gruppolen.it<\/a>) si occupa dello sviluppo del modello del Museo Digitale Diffuso\u00ae. <\/p>\n\n\n\n<p>Un Museo Digitale Diffuso\u00ae \u00e8 dunque una piattaforma multimediale creata per supportare il territorio e le sue istituzioni, promuovendone la cultura, il paesaggio, gli eventi ed i servizi turistici ad esso collegati. Nella sua versione completa, esso pu\u00f2 essere composto da un Sito Web per la presentazione del progetto (non obbligatorio), un portale Web (Web App) e da un\u2019App Mobile (Android ed iOS) in cui raccogliere e connettere contenuti istituzionali ed eventualmente anche Social. Il Museo Digitale Diffuso\u00ae nasce inoltre per assecondare le esigenze degli operatori culturali turistici-territoriali e dei fruitori odierni: per questo specifico motivo, pu\u00f2 essere multicanale, multilingue, dotato di contenuti geo-referenziati, di tecnologia innovativa (come realt\u00e0 aumentata e immersiva, realt\u00e0 virtuale, beacon, riconoscimento facciale) e anche collegato ai canali social per permettere la condivisione dell\u2019esperienza, delle informazioni, dei suggerimenti e delle valutazioni (rating).<\/p>\n","protected":false},"excerpt":{"rendered":"<p>Governance Museo Digitale Diffuso\u00ae Castello di Bardi e Val Ceno Promosso da Diaspro Rosso Cooperativa sociale Onlus Realizzato in collaborazione<\/p>\n","protected":false},"author":2,"featured_media":0,"parent":0,"menu_order":0,"comment_status":"closed","ping_status":"closed","template":"","meta":[],"_links":{"self":[{"href":"https:\/\/museo.ilcastellodibardi.it\/it\/wp-json\/wp\/v2\/pages\/8149"}],"collection":[{"href":"https:\/\/museo.ilcastellodibardi.it\/it\/wp-json\/wp\/v2\/pages"}],"about":[{"href":"https:\/\/museo.ilcastellodibardi.it\/it\/wp-json\/wp\/v2\/types\/page"}],"author":[{"embeddable":true,"href":"https:\/\/museo.ilcastellodibardi.it\/it\/wp-json\/wp\/v2\/users\/2"}],"replies":[{"embeddable":true,"href":"https:\/\/museo.ilcastellodibardi.it\/it\/wp-json\/wp\/v2\/comments?post=8149"}],"version-history":[{"count":42,"href":"https:\/\/museo.ilcastellodibardi.it\/it\/wp-json\/wp\/v2\/pages\/8149\/revisions"}],"predecessor-version":[{"id":13911,"href":"https:\/\/museo.ilcastellodibardi.it\/it\/wp-json\/wp\/v2\/pages\/8149\/revisions\/13911"}],"wp:attachment":[{"href":"https:\/\/museo.ilcastellodibardi.it\/it\/wp-json\/wp\/v2\/media?parent=8149"}],"curies":[{"name":"wp","href":"https:\/\/api.w.org\/{rel}","templated":true}]}}